{"id":8,"date":"2025-02-28T19:56:21","date_gmt":"2025-02-28T19:56:21","guid":{"rendered":"https:\/\/darkgray-llama-319469.hostingersite.com\/?page_id=8"},"modified":"2025-05-26T19:37:24","modified_gmt":"2025-05-26T19:37:24","slug":"pagina-inicial","status":"publish","type":"page","link":"https:\/\/prospex.com.br\/en\/","title":{"rendered":"Home Page"},"content":{"rendered":"<div data-elementor-type=\"wp-page\" data-elementor-id=\"8\" class=\"elementor elementor-8\" data-elementor-post-type=\"page\">\n\t\t\t\t<div class=\"elementor-element elementor-element-0cf3214 e-con-full e-flex e-con e-parent\" data-id=\"0cf3214\" data-element_type=\"container\">\n\t\t\t\t<div class=\"elementor-element elementor-element-43a99f3 elementor-widget__width-inherit fade-carousel elementor-widget-tablet__width-inherit elementor-pagination-type-bullets elementor-pagination-position-outside elementor-widget elementor-widget-n-carousel\" data-id=\"43a99f3\" data-element_type=\"widget\" data-settings=\"{&quot;carousel_items&quot;:[{&quot;slide_title&quot;:&quot;Sobre&quot;,&quot;_id&quot;:&quot;0bfc6c4&quot;},{&quot;slide_title&quot;:&quot;Valores&quot;,&quot;_id&quot;:&quot;0e7282b&quot;},{&quot;slide_title&quot;:&quot;Slide #2&quot;,&quot;_id&quot;:&quot;7769ef9&quot;},{&quot;slide_title&quot;:&quot;Slide #3&quot;,&quot;_id&quot;:&quot;eda8523&quot;},{&quot;slide_title&quot;:&quot;Slide #4&quot;,&quot;_id&quot;:&quot;395409c&quot;}],&quot;slides_to_show&quot;:&quot;1&quot;,&quot;slides_to_scroll&quot;:&quot;1&quot;,&quot;image_spacing_custom&quot;:{&quot;unit&quot;:&quot;px&quot;,&quot;size&quot;:0,&quot;sizes&quot;:[]},&quot;speed&quot;:1500,&quot;slides_to_show_tablet&quot;:&quot;1&quot;,&quot;slides_to_scroll_tablet&quot;:&quot;1&quot;,&quot;_animation&quot;:&quot;none&quot;,&quot;slides_to_show_mobile&quot;:&quot;1&quot;,&quot;infinite&quot;:&quot;yes&quot;,&quot;offset_sides&quot;:&quot;none&quot;,&quot;pagination&quot;:&quot;bullets&quot;,&quot;image_spacing_custom_tablet&quot;:{&quot;unit&quot;:&quot;px&quot;,&quot;size&quot;:&quot;&quot;,&quot;sizes&quot;:[]},&quot;image_spacing_custom_mobile&quot;:{&quot;unit&quot;:&quot;px&quot;,&quot;size&quot;:&quot;&quot;,&quot;sizes&quot;:[]}}\" data-widget_type=\"nested-carousel.default\">\n\t\t\t\t<div class=\"elementor-widget-container\">\n\t\t\t\t\t\t\t<div class=\"e-n-carousel swiper\" role=\"region\" aria-roledescription=\"carousel\" aria-label=\"Carousel\" dir=\"ltr\">\n\t\t\t<div class=\"swiper-wrapper\" aria-live=\"polite\">\n\t\t\t\t\t\t\t\t\t\t<div class=\"swiper-slide\" data-slide=\"1\" role=\"group\" aria-roledescription=\"slide\" aria-label=\"1 de 5\">\n\t\t\t\t\t\t\t<div class=\"elementor-element elementor-element-e757d95 e-con-full e-flex e-con e-child\" data-id=\"e757d95\" data-element_type=\"container\" data-settings=\"{&quot;background_background&quot;:&quot;classic&quot;,&quot;position&quot;:&quot;absolute&quot;,&quot;animation&quot;:&quot;none&quot;}\" data-swiper-parallax=\"-70%\">\n\t\t<div class=\"elementor-element elementor-element-aa88592 animated-slow e-flex e-con-boxed elementor-invisible e-con e-child\" data-id=\"aa88592\" data-element_type=\"container\" data-settings=\"{&quot;background_background&quot;:&quot;classic&quot;,&quot;animation&quot;:&quot;fadeIn&quot;}\" data-swiper-parallax=\"-1500\">\n\t\t\t\t\t<div class=\"e-con-inner\">\n\t\t\t\t<div class=\"elementor-element elementor-element-7f1ada0 elementor-widget__width-initial elementor-widget-tablet__width-inherit elementor-widget-mobile__width-inherit elementor-widget elementor-widget-heading\" data-id=\"7f1ada0\" data-element_type=\"widget\" data-widget_type=\"heading.default\">\n\t\t\t\t<div class=\"elementor-widget-container\">\n\t\t\t\t\t<h2 class=\"elementor-heading-title elementor-size-default\">Welcome to \nProspex<\/h2>\t\t\t\t<\/div>\n\t\t\t\t<\/div>\n\t\t\t\t<div class=\"elementor-element elementor-element-0054b70 elementor-widget__width-initial elementor-widget-mobile__width-inherit elementor-widget elementor-widget-text-editor\" data-id=\"0054b70\" data-element_type=\"widget\" data-widget_type=\"text-editor.default\">\n\t\t\t\t<div class=\"elementor-widget-container\">\n\t\t\t\t\t\t\t\t\t<p>We originate from the expertise of one of the most established groups in the Brazilian real estate market. We combine governance, solidity, and strategic vision to generate sustainable value for our investors and foster a lasting investment culture.<\/p>\t\t\t\t\t\t\t\t<\/div>\n\t\t\t\t<\/div>\n\t\t<div class=\"elementor-element elementor-element-fc45795 e-con-full e-flex e-con e-child\" data-id=\"fc45795\" data-element_type=\"container\">\n\t\t\t\t<div class=\"elementor-element elementor-element-2369f88 elementor-align-left elementor-widget elementor-widget-button\" data-id=\"2369f88\" data-element_type=\"widget\" data-widget_type=\"button.default\">\n\t\t\t\t<div class=\"elementor-widget-container\">\n\t\t\t\t\t\t\t\t\t<div class=\"elementor-button-wrapper\">\n\t\t\t\t\t<a class=\"elementor-button elementor-button-link elementor-size-sm\" href=\"https:\/\/prospex.com.br\/en\/sobre\/\">\n\t\t\t\t\t\t<span class=\"elementor-button-content-wrapper\">\n\t\t\t\t\t\t\t\t\t<span class=\"elementor-button-text\">Get to Know ProSpex<\/span>\n\t\t\t\t\t<\/span>\n\t\t\t\t\t<\/a>\n\t\t\t\t<\/div>\n\t\t\t\t\t\t\t\t<\/div>\n\t\t\t\t<\/div>\n\t\t\t\t<\/div>\n\t\t\t\t\t<\/div>\n\t\t\t\t<\/div>\n\t\t\t\t<\/div>\n\t\t\t\t\t\t\t\t<\/div>\n\t\t\t\t\t\t\t\t\t\t\t<div class=\"swiper-slide\" data-slide=\"2\" role=\"group\" aria-roledescription=\"slide\" aria-label=\"2 de 5\">\n\t\t\t\t\t\t\t<div class=\"elementor-element elementor-element-dd757bf e-con-full e-flex e-con e-child\" data-id=\"dd757bf\" data-element_type=\"container\" data-settings=\"{&quot;background_background&quot;:&quot;classic&quot;,&quot;animation&quot;:&quot;none&quot;}\" data-swiper-parallax=\"-70%\">\n\t\t<div class=\"elementor-element elementor-element-a6b6d6a e-flex e-con-boxed e-con e-child\" data-id=\"a6b6d6a\" data-element_type=\"container\" data-settings=\"{&quot;background_background&quot;:&quot;classic&quot;,&quot;animation&quot;:&quot;none&quot;,&quot;animation_delay&quot;:2300}\" data-swiper-parallax=\"-1500\">\n\t\t\t\t\t<div class=\"e-con-inner\">\n\t\t\t\t<div class=\"elementor-element elementor-element-b6ebd19 elementor-widget__width-initial elementor-widget-tablet__width-initial elementor-widget-mobile__width-inherit elementor-widget elementor-widget-heading\" data-id=\"b6ebd19\" data-element_type=\"widget\" data-widget_type=\"heading.default\">\n\t\t\t\t<div class=\"elementor-widget-container\">\n\t\t\t\t\t<h2 class=\"elementor-heading-title elementor-size-default\">Transparency and Integrity<\/h2>\t\t\t\t<\/div>\n\t\t\t\t<\/div>\n\t\t\t\t<div class=\"elementor-element elementor-element-783eaec elementor-widget__width-initial elementor-widget-mobile__width-inherit elementor-widget elementor-widget-text-editor\" data-id=\"783eaec\" data-element_type=\"widget\" data-widget_type=\"text-editor.default\">\n\t\t\t\t<div class=\"elementor-widget-container\">\n\t\t\t\t\t\t\t\t\t<p>We work daily to make ethical decisions with transparency and strong governance. We invest alongside our investors, ensuring alignment and a clear focus on capital gains. Our credibility is our greatest asset.<\/p>\t\t\t\t\t\t\t\t<\/div>\n\t\t\t\t<\/div>\n\t\t<div class=\"elementor-element elementor-element-5a49f71 e-con-full e-flex e-con e-child\" data-id=\"5a49f71\" data-element_type=\"container\">\n\t\t\t\t<div class=\"elementor-element elementor-element-2753ee6 elementor-align-left elementor-widget elementor-widget-button\" data-id=\"2753ee6\" data-element_type=\"widget\" data-widget_type=\"button.default\">\n\t\t\t\t<div class=\"elementor-widget-container\">\n\t\t\t\t\t\t\t\t\t<div class=\"elementor-button-wrapper\">\n\t\t\t\t\t<a class=\"elementor-button elementor-button-link elementor-size-sm\" href=\"https:\/\/prospex.com.br\/en\/sobre\/#valores\">\n\t\t\t\t\t\t<span class=\"elementor-button-content-wrapper\">\n\t\t\t\t\t\t\t\t\t<span class=\"elementor-button-text\">Our Values<\/span>\n\t\t\t\t\t<\/span>\n\t\t\t\t\t<\/a>\n\t\t\t\t<\/div>\n\t\t\t\t\t\t\t\t<\/div>\n\t\t\t\t<\/div>\n\t\t\t\t<\/div>\n\t\t\t\t\t<\/div>\n\t\t\t\t<\/div>\n\t\t\t\t<\/div>\n\t\t\t\t\t\t\t\t<\/div>\n\t\t\t\t\t\t\t\t\t\t\t<div class=\"swiper-slide\" data-slide=\"3\" role=\"group\" aria-roledescription=\"slide\" aria-label=\"3 de 5\">\n\t\t\t\t\t\t\t<div class=\"elementor-element elementor-element-8ef70bb e-con-full e-flex e-con e-child\" data-id=\"8ef70bb\" data-element_type=\"container\" data-settings=\"{&quot;background_background&quot;:&quot;classic&quot;}\" data-swiper-parallax=\"-70%\">\n\t\t<div class=\"elementor-element elementor-element-3a5ce12 e-flex e-con-boxed e-con e-child\" data-id=\"3a5ce12\" data-element_type=\"container\" data-settings=\"{&quot;background_background&quot;:&quot;classic&quot;,&quot;animation&quot;:&quot;none&quot;,&quot;animation_delay&quot;:2300}\" data-swiper-parallax=\"-1500\">\n\t\t\t\t\t<div class=\"e-con-inner\">\n\t\t\t\t<div class=\"elementor-element elementor-element-cdd92ef elementor-widget__width-initial elementor-widget-tablet__width-inherit elementor-widget-mobile__width-inherit elementor-widget elementor-widget-heading\" data-id=\"cdd92ef\" data-element_type=\"widget\" data-widget_type=\"heading.default\">\n\t\t\t\t<div class=\"elementor-widget-container\">\n\t\t\t\t\t<h2 class=\"elementor-heading-title elementor-size-default\">Intelligence, Efficiency, and Commitment<\/h2>\t\t\t\t<\/div>\n\t\t\t\t<\/div>\n\t\t\t\t<div class=\"elementor-element elementor-element-445432b elementor-widget__width-initial elementor-widget-mobile__width-inherit elementor-widget elementor-widget-text-editor\" data-id=\"445432b\" data-element_type=\"widget\" data-widget_type=\"text-editor.default\">\n\t\t\t\t<div class=\"elementor-widget-container\">\n\t\t\t\t\t\t\t\t\t<p>Excellence in execution and the ability to solve problems are the key differentiators of successful projects. <br \/>Our values and expertise are reflected in our relentless pursuit of efficiency. We embed all our knowledge and commitment into the execution of our investment theses \u2014 providing us with competitive advantages and consistent results.<\/p>\t\t\t\t\t\t\t\t<\/div>\n\t\t\t\t<\/div>\n\t\t<div class=\"elementor-element elementor-element-a44d086 e-con-full e-flex e-con e-child\" data-id=\"a44d086\" data-element_type=\"container\">\n\t\t\t\t<div class=\"elementor-element elementor-element-5419960 elementor-align-left elementor-widget elementor-widget-button\" data-id=\"5419960\" data-element_type=\"widget\" data-widget_type=\"button.default\">\n\t\t\t\t<div class=\"elementor-widget-container\">\n\t\t\t\t\t\t\t\t\t<div class=\"elementor-button-wrapper\">\n\t\t\t\t\t<a class=\"elementor-button elementor-button-link elementor-size-sm\" href=\"https:\/\/prospex.com.br\/en\/estrategias\/\">\n\t\t\t\t\t\t<span class=\"elementor-button-content-wrapper\">\n\t\t\t\t\t\t\t\t\t<span class=\"elementor-button-text\">Strategies<\/span>\n\t\t\t\t\t<\/span>\n\t\t\t\t\t<\/a>\n\t\t\t\t<\/div>\n\t\t\t\t\t\t\t\t<\/div>\n\t\t\t\t<\/div>\n\t\t\t\t<\/div>\n\t\t\t\t\t<\/div>\n\t\t\t\t<\/div>\n\t\t\t\t<\/div>\n\t\t\t\t\t\t\t\t<\/div>\n\t\t\t\t\t\t\t\t\t\t\t<div class=\"swiper-slide\" data-slide=\"4\" role=\"group\" aria-roledescription=\"slide\" aria-label=\"4 de 5\">\n\t\t\t\t\t\t\t<div class=\"elementor-element elementor-element-efe6e98 e-con-full e-flex e-con e-child\" data-id=\"efe6e98\" data-element_type=\"container\" data-settings=\"{&quot;background_background&quot;:&quot;classic&quot;}\" data-swiper-parallax=\"-70%\">\n\t\t<div class=\"elementor-element elementor-element-c23bd7d e-flex e-con-boxed e-con e-child\" data-id=\"c23bd7d\" data-element_type=\"container\" data-settings=\"{&quot;background_background&quot;:&quot;classic&quot;,&quot;animation&quot;:&quot;none&quot;,&quot;animation_delay&quot;:2300}\" data-swiper-parallax=\"-1500\">\n\t\t\t\t\t<div class=\"e-con-inner\">\n\t\t\t\t<div class=\"elementor-element elementor-element-55b0f6f elementor-widget__width-initial elementor-widget-tablet__width-initial elementor-widget-mobile__width-inherit elementor-widget elementor-widget-heading\" data-id=\"55b0f6f\" data-element_type=\"widget\" data-widget_type=\"heading.default\">\n\t\t\t\t<div class=\"elementor-widget-container\">\n\t\t\t\t\t<h2 class=\"elementor-heading-title elementor-size-default\">Disciplined Approach<\/h2>\t\t\t\t<\/div>\n\t\t\t\t<\/div>\n\t\t\t\t<div class=\"elementor-element elementor-element-3d37303 elementor-widget__width-initial elementor-widget-mobile__width-inherit elementor-widget elementor-widget-text-editor\" data-id=\"3d37303\" data-element_type=\"widget\" data-widget_type=\"text-editor.default\">\n\t\t\t\t<div class=\"elementor-widget-container\">\n\t\t\t\t\t\t\t\t\t<p>We act with sound judgment, making decisions with clear focus and objective reasoning.<br \/>We prioritize security, solidity, and the sustainable growth of wealth over time.<br \/>We do the work ourselves to ensure that the products we create deliver real value to our investors.<\/p>\t\t\t\t\t\t\t\t<\/div>\n\t\t\t\t<\/div>\n\t\t<div class=\"elementor-element elementor-element-aaa61bc e-con-full e-flex e-con e-child\" data-id=\"aaa61bc\" data-element_type=\"container\">\n\t\t\t\t<div class=\"elementor-element elementor-element-7a6c7d8 elementor-align-left elementor-widget elementor-widget-button\" data-id=\"7a6c7d8\" data-element_type=\"widget\" data-widget_type=\"button.default\">\n\t\t\t\t<div class=\"elementor-widget-container\">\n\t\t\t\t\t\t\t\t\t<div class=\"elementor-button-wrapper\">\n\t\t\t\t\t<a class=\"elementor-button elementor-button-link elementor-size-sm\" href=\"https:\/\/prospex.com.br\/en\/sobre\/#abordagem\">\n\t\t\t\t\t\t<span class=\"elementor-button-content-wrapper\">\n\t\t\t\t\t\t\t\t\t<span class=\"elementor-button-text\">Our Approach<\/span>\n\t\t\t\t\t<\/span>\n\t\t\t\t\t<\/a>\n\t\t\t\t<\/div>\n\t\t\t\t\t\t\t\t<\/div>\n\t\t\t\t<\/div>\n\t\t\t\t<\/div>\n\t\t\t\t\t<\/div>\n\t\t\t\t<\/div>\n\t\t\t\t<\/div>\n\t\t\t\t\t\t\t\t<\/div>\n\t\t\t\t\t\t\t\t\t\t\t<div class=\"swiper-slide\" data-slide=\"5\" role=\"group\" aria-roledescription=\"slide\" aria-label=\"5 de 5\">\n\t\t\t\t\t\t\t<div class=\"elementor-element elementor-element-96fc906 e-con-full e-flex e-con e-child\" data-id=\"96fc906\" data-element_type=\"container\" data-settings=\"{&quot;background_background&quot;:&quot;classic&quot;}\" data-swiper-parallax=\"-70%\">\n\t\t<div class=\"elementor-element elementor-element-4b46c28 e-flex e-con-boxed e-con e-child\" data-id=\"4b46c28\" data-element_type=\"container\" data-settings=\"{&quot;background_background&quot;:&quot;classic&quot;,&quot;animation&quot;:&quot;none&quot;,&quot;animation_delay&quot;:2300}\" data-swiper-parallax=\"-1500\">\n\t\t\t\t\t<div class=\"e-con-inner\">\n\t\t\t\t<div class=\"elementor-element elementor-element-d7d8f21 elementor-widget__width-initial elementor-widget-tablet__width-initial elementor-widget-mobile__width-inherit elementor-widget elementor-widget-heading\" data-id=\"d7d8f21\" data-element_type=\"widget\" data-widget_type=\"heading.default\">\n\t\t\t\t<div class=\"elementor-widget-container\">\n\t\t\t\t\t<h2 class=\"elementor-heading-title elementor-size-default\">Resilient Investors, Independent Thinking<\/h2>\t\t\t\t<\/div>\n\t\t\t\t<\/div>\n\t\t\t\t<div class=\"elementor-element elementor-element-ec3f86f elementor-widget__width-initial elementor-widget-mobile__width-inherit elementor-widget elementor-widget-text-editor\" data-id=\"ec3f86f\" data-element_type=\"widget\" data-widget_type=\"text-editor.default\">\n\t\t\t\t<div class=\"elementor-widget-container\">\n\t\t\t\t\t\t\t\t\t<p>We evaluate projects with skepticism and a grounded perspective.<br \/>We invest based on conviction, not consensus.<br \/>Our commitment is to the longevity of investments, to disciplined capital allocation, and to serious work that transforms good ideas into consistent projects.<\/p>\t\t\t\t\t\t\t\t<\/div>\n\t\t\t\t<\/div>\n\t\t<div class=\"elementor-element elementor-element-ff57c4a e-con-full e-flex e-con e-child\" data-id=\"ff57c4a\" data-element_type=\"container\">\n\t\t\t\t<div class=\"elementor-element elementor-element-9bb0ac7 elementor-align-left elementor-widget elementor-widget-button\" data-id=\"9bb0ac7\" data-element_type=\"widget\" data-widget_type=\"button.default\">\n\t\t\t\t<div class=\"elementor-widget-container\">\n\t\t\t\t\t\t\t\t\t<div class=\"elementor-button-wrapper\">\n\t\t\t\t\t<a class=\"elementor-button elementor-button-link elementor-size-sm\" href=\"https:\/\/prospex.com.br\/en\/portifolio\/\">\n\t\t\t\t\t\t<span class=\"elementor-button-content-wrapper\">\n\t\t\t\t\t\t\t\t\t<span class=\"elementor-button-text\">Portfolio<\/span>\n\t\t\t\t\t<\/span>\n\t\t\t\t\t<\/a>\n\t\t\t\t<\/div>\n\t\t\t\t\t\t\t\t<\/div>\n\t\t\t\t<\/div>\n\t\t\t\t<\/div>\n\t\t\t\t\t<\/div>\n\t\t\t\t<\/div>\n\t\t\t\t<\/div>\n\t\t\t\t\t\t\t\t<\/div>\n\t\t\t\t\t\t\t\t<\/div>\n\t\t<\/div>\n\t\t\t\t\t<div class=\"swiper-pagination\"><\/div>\n\t\t\t\t\t\t<\/div>\n\t\t\t\t<\/div>\n\t\t\t\t<\/div>\n\t\t\t\t<\/div>","protected":false},"excerpt":{"rendered":"<p>Bem-vindo \u00e0 ProSpex Originamos da expertise de um dos grupos mais tradicionais do mercado imobili\u00e1rio brasileiro. Unimos governan\u00e7a, solidez e vis\u00e3o estrat\u00e9gica para gerar valor sustent\u00e1vel aos nossos investidores e perpetuar uma forte cultura de investimentos. Conhe\u00e7a a ProSpex Transpar\u00eancia e Integridade Trabalhamos diariamente para tomar decis\u00f5es \u00e9ticas, com transpar\u00eancia e governan\u00e7a. Investimos lado a [&hellip;]<\/p>","protected":false},"author":1,"featured_media":0,"parent":0,"menu_order":0,"comment_status":"closed","ping_status":"closed","template":"elementor_header_footer","meta":{"footnotes":""},"class_list":["post-8","page","type-page","status-publish","hentry"],"yoast_head":"<!-- This site is optimized with the Yoast SEO plugin v25.3.1 - https:\/\/yoast.com\/wordpress\/plugins\/seo\/ -->\n<title>Prospex: P\u00e1gina Inicial<\/title>\n<meta name=\"description\" content=\"Somos uma gestora independente especializada em fundos imobili\u00e1rios, com foco em investimentos s\u00f3lidos e aloca\u00e7\u00e3o disciplinada de capital.\" \/>\n<meta name=\"robots\" content=\"index, follow, max-snippet:-1, max-image-preview:large, max-video-preview:-1\" \/>\n<link rel=\"canonical\" href=\"https:\/\/prospex.com.br\/en\/\" \/>\n<meta property=\"og:locale\" content=\"en_US\" \/>\n<meta property=\"og:type\" content=\"article\" \/>\n<meta property=\"og:title\" content=\"Prospex: P\u00e1gina Inicial\" \/>\n<meta property=\"og:description\" content=\"Somos uma gestora independente especializada em fundos imobili\u00e1rios, com foco em investimentos s\u00f3lidos e aloca\u00e7\u00e3o disciplinada de capital.\" \/>\n<meta property=\"og:url\" content=\"https:\/\/prospex.com.br\/en\/\" \/>\n<meta property=\"og:site_name\" content=\"Prospex\" \/>\n<meta property=\"article:modified_time\" content=\"2025-05-26T19:37:24+00:00\" \/>\n<meta name=\"twitter:card\" content=\"summary_large_image\" \/>\n<meta name=\"twitter:label1\" content=\"Est. reading time\" \/>\n\t<meta name=\"twitter:data1\" content=\"3 minutes\" \/>\n<script type=\"application\/ld+json\" class=\"yoast-schema-graph\">{\"@context\":\"https:\/\/schema.org\",\"@graph\":[{\"@type\":\"WebPage\",\"@id\":\"https:\/\/prospex.com.br\/\",\"url\":\"https:\/\/prospex.com.br\/\",\"name\":\"Prospex: P\u00e1gina Inicial\",\"isPartOf\":{\"@id\":\"https:\/\/prospex.com.br\/#website\"},\"datePublished\":\"2025-02-28T19:56:21+00:00\",\"dateModified\":\"2025-05-26T19:37:24+00:00\",\"description\":\"Somos uma gestora independente especializada em fundos imobili\u00e1rios, com foco em investimentos s\u00f3lidos e aloca\u00e7\u00e3o disciplinada de capital.\",\"breadcrumb\":{\"@id\":\"https:\/\/prospex.com.br\/#breadcrumb\"},\"inLanguage\":\"en-US\",\"potentialAction\":[{\"@type\":\"ReadAction\",\"target\":[\"https:\/\/prospex.com.br\/\"]}]},{\"@type\":\"BreadcrumbList\",\"@id\":\"https:\/\/prospex.com.br\/#breadcrumb\",\"itemListElement\":[{\"@type\":\"ListItem\",\"position\":1,\"name\":\"In\u00edcio\",\"item\":\"https:\/\/prospex.com.br\/\"},{\"@type\":\"ListItem\",\"position\":2,\"name\":\"P\u00e1gina Inicial\"}]},{\"@type\":\"WebSite\",\"@id\":\"https:\/\/prospex.com.br\/#website\",\"url\":\"https:\/\/prospex.com.br\/\",\"name\":\"Prospex\",\"description\":\"Real State Asset Management\",\"publisher\":{\"@id\":\"https:\/\/prospex.com.br\/#organization\"},\"potentialAction\":[{\"@type\":\"SearchAction\",\"target\":{\"@type\":\"EntryPoint\",\"urlTemplate\":\"https:\/\/prospex.com.br\/?s={search_term_string}\"},\"query-input\":{\"@type\":\"PropertyValueSpecification\",\"valueRequired\":true,\"valueName\":\"search_term_string\"}}],\"inLanguage\":\"en-US\"},{\"@type\":\"Organization\",\"@id\":\"https:\/\/prospex.com.br\/#organization\",\"name\":\"Prospex\",\"url\":\"https:\/\/prospex.com.br\/\",\"logo\":{\"@type\":\"ImageObject\",\"inLanguage\":\"en-US\",\"@id\":\"https:\/\/prospex.com.br\/#\/schema\/logo\/image\/\",\"url\":\"https:\/\/prospex.com.br\/wp-content\/uploads\/2025\/02\/FAVICON.svg\",\"contentUrl\":\"https:\/\/prospex.com.br\/wp-content\/uploads\/2025\/02\/FAVICON.svg\",\"width\":512,\"height\":512,\"caption\":\"Prospex\"},\"image\":{\"@id\":\"https:\/\/prospex.com.br\/#\/schema\/logo\/image\/\"}}]}<\/script>\n<!-- \/ Yoast SEO plugin. -->","yoast_head_json":{"title":"Prospex: P\u00e1gina Inicial","description":"Somos uma gestora independente especializada em fundos imobili\u00e1rios, com foco em investimentos s\u00f3lidos e aloca\u00e7\u00e3o disciplinada de capital.","robots":{"index":"index","follow":"follow","max-snippet":"max-snippet:-1","max-image-preview":"max-image-preview:large","max-video-preview":"max-video-preview:-1"},"canonical":"https:\/\/prospex.com.br\/en\/","og_locale":"en_US","og_type":"article","og_title":"Prospex: P\u00e1gina Inicial","og_description":"Somos uma gestora independente especializada em fundos imobili\u00e1rios, com foco em investimentos s\u00f3lidos e aloca\u00e7\u00e3o disciplinada de capital.","og_url":"https:\/\/prospex.com.br\/en\/","og_site_name":"Prospex","article_modified_time":"2025-05-26T19:37:24+00:00","twitter_card":"summary_large_image","twitter_misc":{"Est. reading time":"3 minutes"},"schema":{"@context":"https:\/\/schema.org","@graph":[{"@type":"WebPage","@id":"https:\/\/prospex.com.br\/","url":"https:\/\/prospex.com.br\/","name":"Prospex: P\u00e1gina Inicial","isPartOf":{"@id":"https:\/\/prospex.com.br\/#website"},"datePublished":"2025-02-28T19:56:21+00:00","dateModified":"2025-05-26T19:37:24+00:00","description":"Somos uma gestora independente especializada em fundos imobili\u00e1rios, com foco em investimentos s\u00f3lidos e aloca\u00e7\u00e3o disciplinada de capital.","breadcrumb":{"@id":"https:\/\/prospex.com.br\/#breadcrumb"},"inLanguage":"en-US","potentialAction":[{"@type":"ReadAction","target":["https:\/\/prospex.com.br\/"]}]},{"@type":"BreadcrumbList","@id":"https:\/\/prospex.com.br\/#breadcrumb","itemListElement":[{"@type":"ListItem","position":1,"name":"In\u00edcio","item":"https:\/\/prospex.com.br\/"},{"@type":"ListItem","position":2,"name":"P\u00e1gina Inicial"}]},{"@type":"WebSite","@id":"https:\/\/prospex.com.br\/#website","url":"https:\/\/prospex.com.br\/","name":"Prospex","description":"Real State Asset Management","publisher":{"@id":"https:\/\/prospex.com.br\/#organization"},"potentialAction":[{"@type":"SearchAction","target":{"@type":"EntryPoint","urlTemplate":"https:\/\/prospex.com.br\/?s={search_term_string}"},"query-input":{"@type":"PropertyValueSpecification","valueRequired":true,"valueName":"search_term_string"}}],"inLanguage":"en-US"},{"@type":"Organization","@id":"https:\/\/prospex.com.br\/#organization","name":"Prospex","url":"https:\/\/prospex.com.br\/","logo":{"@type":"ImageObject","inLanguage":"en-US","@id":"https:\/\/prospex.com.br\/#\/schema\/logo\/image\/","url":"https:\/\/prospex.com.br\/wp-content\/uploads\/2025\/02\/FAVICON.svg","contentUrl":"https:\/\/prospex.com.br\/wp-content\/uploads\/2025\/02\/FAVICON.svg","width":512,"height":512,"caption":"Prospex"},"image":{"@id":"https:\/\/prospex.com.br\/#\/schema\/logo\/image\/"}}]}},"_links":{"self":[{"href":"https:\/\/prospex.com.br\/en\/wp-json\/wp\/v2\/pages\/8","targetHints":{"allow":["GET"]}}],"collection":[{"href":"https:\/\/prospex.com.br\/en\/wp-json\/wp\/v2\/pages"}],"about":[{"href":"https:\/\/prospex.com.br\/en\/wp-json\/wp\/v2\/types\/page"}],"author":[{"embeddable":true,"href":"https:\/\/prospex.com.br\/en\/wp-json\/wp\/v2\/users\/1"}],"replies":[{"embeddable":true,"href":"https:\/\/prospex.com.br\/en\/wp-json\/wp\/v2\/comments?post=8"}],"version-history":[{"count":517,"href":"https:\/\/prospex.com.br\/en\/wp-json\/wp\/v2\/pages\/8\/revisions"}],"predecessor-version":[{"id":1875,"href":"https:\/\/prospex.com.br\/en\/wp-json\/wp\/v2\/pages\/8\/revisions\/1875"}],"wp:attachment":[{"href":"https:\/\/prospex.com.br\/en\/wp-json\/wp\/v2\/media?parent=8"}],"curies":[{"name":"wp","href":"https:\/\/api.w.org\/{rel}","templated":true}]}}