{"id":69,"date":"2025-03-13T21:20:24","date_gmt":"2025-03-13T21:20:24","guid":{"rendered":"https:\/\/darkgray-llama-319469.hostingersite.com\/?page_id=69"},"modified":"2025-06-12T16:26:42","modified_gmt":"2025-06-12T16:26:42","slug":"time","status":"publish","type":"page","link":"https:\/\/prospex.com.br\/en\/time\/","title":{"rendered":"Team"},"content":{"rendered":"<div data-elementor-type=\"wp-page\" data-elementor-id=\"69\" class=\"elementor elementor-69\" data-elementor-post-type=\"page\">\n\t\t\t\t<div class=\"elementor-element elementor-element-8670fbb e-flex e-con-boxed e-con e-parent\" data-id=\"8670fbb\" data-element_type=\"container\">\n\t\t\t\t\t<div class=\"e-con-inner\">\n\t\t\t\t<div class=\"elementor-element elementor-element-34a8ceb elementor-widget__width-initial elementor-widget-tablet__width-initial elementor-widget-mobile__width-inherit elementor-widget elementor-widget-heading\" data-id=\"34a8ceb\" data-element_type=\"widget\" data-widget_type=\"heading.default\">\n\t\t\t\t<div class=\"elementor-widget-container\">\n\t\t\t\t\t<h2 class=\"elementor-heading-title elementor-size-default\">We value individuals who combine long-term vision, resilience, and integrity, and who apply the highest level of rigor to their work.<\/h2>\t\t\t\t<\/div>\n\t\t\t\t<\/div>\n\t\t\t\t<div class=\"elementor-element elementor-element-f6e040b elementor-widget-divider--view-line elementor-widget elementor-widget-divider\" data-id=\"f6e040b\" data-element_type=\"widget\" data-widget_type=\"divider.default\">\n\t\t\t\t<div class=\"elementor-widget-container\">\n\t\t\t\t\t\t\t<div class=\"elementor-divider\">\n\t\t\t<span class=\"elementor-divider-separator\">\n\t\t\t\t\t\t<\/span>\n\t\t<\/div>\n\t\t\t\t\t\t<\/div>\n\t\t\t\t<\/div>\n\t\t\t\t\t<\/div>\n\t\t\t\t<\/div>\n\t\t<div class=\"elementor-element elementor-element-0dd6630 e-flex e-con-boxed e-con e-parent\" data-id=\"0dd6630\" data-element_type=\"container\">\n\t\t\t\t\t<div class=\"e-con-inner\">\n\t\t<div class=\"elementor-element elementor-element-8b7069f e-con-full e-flex e-con e-child\" data-id=\"8b7069f\" data-element_type=\"container\" data-settings=\"{&quot;background_background&quot;:&quot;classic&quot;}\">\n\t\t\t\t<div class=\"elementor-element elementor-element-1c0ad53 elementor-widget elementor-widget-heading\" data-id=\"1c0ad53\" data-element_type=\"widget\" data-widget_type=\"heading.default\">\n\t\t\t\t<div class=\"elementor-widget-container\">\n\t\t\t\t\t<h2 class=\"elementor-heading-title elementor-size-default\">Alexandre Zarzur<\/h2>\t\t\t\t<\/div>\n\t\t\t\t<\/div>\n\t\t\t\t<div class=\"elementor-element elementor-element-f8c0338 elementor-widget elementor-widget-text-editor\" data-id=\"f8c0338\" data-element_type=\"widget\" data-widget_type=\"text-editor.default\">\n\t\t\t\t<div class=\"elementor-widget-container\">\n\t\t\t\t\t\t\t\t\t<p>Investments<\/p>\t\t\t\t\t\t\t\t<\/div>\n\t\t\t\t<\/div>\n\t\t\t\t<\/div>\n\t\t<div class=\"elementor-element elementor-element-19ef6b3 e-con-full e-flex e-con e-child\" data-id=\"19ef6b3\" data-element_type=\"container\" data-settings=\"{&quot;background_background&quot;:&quot;classic&quot;}\">\n\t\t\t\t<div class=\"elementor-element elementor-element-32d6d11 elementor-widget elementor-widget-heading\" data-id=\"32d6d11\" data-element_type=\"widget\" data-widget_type=\"heading.default\">\n\t\t\t\t<div class=\"elementor-widget-container\">\n\t\t\t\t\t<h2 class=\"elementor-heading-title elementor-size-default\">Lorenzo Cocenza<\/h2>\t\t\t\t<\/div>\n\t\t\t\t<\/div>\n\t\t\t\t<div class=\"elementor-element elementor-element-ada9990 elementor-widget elementor-widget-text-editor\" data-id=\"ada9990\" data-element_type=\"widget\" data-widget_type=\"text-editor.default\">\n\t\t\t\t<div class=\"elementor-widget-container\">\n\t\t\t\t\t\t\t\t\t<p>Investments<\/p>\t\t\t\t\t\t\t\t<\/div>\n\t\t\t\t<\/div>\n\t\t\t\t<\/div>\n\t\t<div class=\"elementor-element elementor-element-5959e39 e-con-full e-flex e-con e-child\" data-id=\"5959e39\" data-element_type=\"container\" data-settings=\"{&quot;background_background&quot;:&quot;classic&quot;}\">\n\t\t\t\t<div class=\"elementor-element elementor-element-64876c2 elementor-widget elementor-widget-heading\" data-id=\"64876c2\" data-element_type=\"widget\" data-widget_type=\"heading.default\">\n\t\t\t\t<div class=\"elementor-widget-container\">\n\t\t\t\t\t<h2 class=\"elementor-heading-title elementor-size-default\">Fabiana Zarzur<\/h2>\t\t\t\t<\/div>\n\t\t\t\t<\/div>\n\t\t\t\t<div class=\"elementor-element elementor-element-f6cad50 elementor-widget elementor-widget-text-editor\" data-id=\"f6cad50\" data-element_type=\"widget\" data-widget_type=\"text-editor.default\">\n\t\t\t\t<div class=\"elementor-widget-container\">\n\t\t\t\t\t\t\t\t\t<p>Risk &amp; Compliance<\/p>\t\t\t\t\t\t\t\t<\/div>\n\t\t\t\t<\/div>\n\t\t\t\t<\/div>\n\t\t\t\t\t<\/div>\n\t\t\t\t<\/div>\n\t\t<div class=\"elementor-element elementor-element-714c063 e-flex e-con-boxed e-con e-parent\" data-id=\"714c063\" data-element_type=\"container\">\n\t\t\t\t\t<div class=\"e-con-inner\">\n\t\t<div class=\"elementor-element elementor-element-7cb4026 e-con-full e-flex e-con e-child\" data-id=\"7cb4026\" data-element_type=\"container\" data-settings=\"{&quot;background_background&quot;:&quot;classic&quot;}\">\n\t\t\t\t<div class=\"elementor-element elementor-element-01700a8 elementor-widget elementor-widget-heading\" data-id=\"01700a8\" data-element_type=\"widget\" data-widget_type=\"heading.default\">\n\t\t\t\t<div class=\"elementor-widget-container\">\n\t\t\t\t\t<h2 class=\"elementor-heading-title elementor-size-default\">Luciana Cardoso<\/h2>\t\t\t\t<\/div>\n\t\t\t\t<\/div>\n\t\t\t\t<div class=\"elementor-element elementor-element-113ad6d elementor-widget elementor-widget-text-editor\" data-id=\"113ad6d\" data-element_type=\"widget\" data-widget_type=\"text-editor.default\">\n\t\t\t\t<div class=\"elementor-widget-container\">\n\t\t\t\t\t\t\t\t\t<p>Investor Relations<\/p>\t\t\t\t\t\t\t\t<\/div>\n\t\t\t\t<\/div>\n\t\t\t\t<\/div>\n\t\t<div class=\"elementor-element elementor-element-55c7810 e-con-full e-flex e-con e-child\" data-id=\"55c7810\" data-element_type=\"container\" data-settings=\"{&quot;background_background&quot;:&quot;classic&quot;}\">\n\t\t\t\t<div class=\"elementor-element elementor-element-cf9b3bd elementor-widget elementor-widget-heading\" data-id=\"cf9b3bd\" data-element_type=\"widget\" data-widget_type=\"heading.default\">\n\t\t\t\t<div class=\"elementor-widget-container\">\n\t\t\t\t\t<h2 class=\"elementor-heading-title elementor-size-default\"><h2 class=\"elementor-heading-title elementor-size-default elementor-inline-editing pen\" data-elementor-setting-key=\"title\" data-pen-placeholder=\"Digite aqui...\" data-lt-tmp-id=\"lt-364859\" data-gramm=\"false\">Rafael Zarzur<\/h2><\/h2>\t\t\t\t<\/div>\n\t\t\t\t<\/div>\n\t\t\t\t<div class=\"elementor-element elementor-element-e69c7cf elementor-widget elementor-widget-text-editor\" data-id=\"e69c7cf\" data-element_type=\"widget\" data-widget_type=\"text-editor.default\">\n\t\t\t\t<div class=\"elementor-widget-container\">\n\t\t\t\t\t\t\t\t\t<p>Real Estate Development &amp; Investment<\/p>\t\t\t\t\t\t\t\t<\/div>\n\t\t\t\t<\/div>\n\t\t\t\t<\/div>\n\t\t<div class=\"elementor-element elementor-element-e3a4f17 e-con-full e-flex e-con e-child\" data-id=\"e3a4f17\" data-element_type=\"container\" data-settings=\"{&quot;background_background&quot;:&quot;classic&quot;}\">\n\t\t\t\t<div class=\"elementor-element elementor-element-3cf8803 elementor-widget elementor-widget-heading\" data-id=\"3cf8803\" data-element_type=\"widget\" data-widget_type=\"heading.default\">\n\t\t\t\t<div class=\"elementor-widget-container\">\n\t\t\t\t\t<h2 class=\"elementor-heading-title elementor-size-default\">Flavio Maluf<\/h2>\t\t\t\t<\/div>\n\t\t\t\t<\/div>\n\t\t\t\t<div class=\"elementor-element elementor-element-60c5db7 elementor-widget elementor-widget-text-editor\" data-id=\"60c5db7\" data-element_type=\"widget\" data-widget_type=\"text-editor.default\">\n\t\t\t\t<div class=\"elementor-widget-container\">\n\t\t\t\t\t\t\t\t\t<p>Origination &amp; Sales<\/p>\t\t\t\t\t\t\t\t<\/div>\n\t\t\t\t<\/div>\n\t\t\t\t<\/div>\n\t\t\t\t\t<\/div>\n\t\t\t\t<\/div>\n\t\t<div class=\"elementor-element elementor-element-9f576db elementor-hidden-desktop elementor-hidden-tablet elementor-hidden-mobile e-flex e-con-boxed e-con e-parent\" data-id=\"9f576db\" data-element_type=\"container\">\n\t\t\t\t\t<div class=\"e-con-inner\">\n\t\t<div class=\"elementor-element elementor-element-5c13dce e-con-full e-flex e-con e-child\" data-id=\"5c13dce\" data-element_type=\"container\" data-settings=\"{&quot;background_background&quot;:&quot;classic&quot;}\">\n\t\t\t\t<div class=\"elementor-element elementor-element-9bf5d24 elementor-widget elementor-widget-heading\" data-id=\"9bf5d24\" data-element_type=\"widget\" data-widget_type=\"heading.default\">\n\t\t\t\t<div class=\"elementor-widget-container\">\n\t\t\t\t\t<h2 class=\"elementor-heading-title elementor-size-default\">Juliana Men<\/h2>\t\t\t\t<\/div>\n\t\t\t\t<\/div>\n\t\t\t\t<div class=\"elementor-element elementor-element-c083e80 elementor-widget elementor-widget-text-editor\" data-id=\"c083e80\" data-element_type=\"widget\" data-widget_type=\"text-editor.default\">\n\t\t\t\t<div class=\"elementor-widget-container\">\n\t\t\t\t\t\t\t\t\t<p>Opera\u00e7\u00f5es<\/p>\t\t\t\t\t\t\t\t<\/div>\n\t\t\t\t<\/div>\n\t\t\t\t<\/div>\n\t\t<div class=\"elementor-element elementor-element-f4eb9ed e-con-full elementor-hidden-mobile e-flex e-con e-child\" data-id=\"f4eb9ed\" data-element_type=\"container\">\n\t\t\t\t<\/div>\n\t\t<div class=\"elementor-element elementor-element-e7f3056 e-con-full elementor-hidden-mobile e-flex e-con e-child\" data-id=\"e7f3056\" data-element_type=\"container\">\n\t\t\t\t<\/div>\n\t\t\t\t\t<\/div>\n\t\t\t\t<\/div>\n\t\t\t\t<\/div>","protected":false},"excerpt":{"rendered":"<p>Valorizamos pessoas que unem vis\u00e3o de longo prazo, resili\u00eancia e integridade, e que aplicam o m\u00e1ximo de rigor ao seu trabalho Alexandre Zarzur Investimentos Lorenzo Cocenza Investimentos Fabiana Zarzur Risco &amp; Compliance Luciana Cardoso Rela\u00e7\u00f5es com Investidores Rafael Zarzur Desenvolvimento &amp; Incorpora\u00e7\u00e3o Imobili\u00e1ria Flavio Maluf Origina\u00e7\u00e3o &amp; Comercial vendas Juliana Men Opera\u00e7\u00f5es<\/p>","protected":false},"author":2,"featured_media":0,"parent":0,"menu_order":0,"comment_status":"closed","ping_status":"closed","template":"elementor_header_footer","meta":{"footnotes":""},"class_list":["post-69","page","type-page","status-publish","hentry"],"yoast_head":"<!-- This site is optimized with the Yoast SEO plugin v25.3.1 - https:\/\/yoast.com\/wordpress\/plugins\/seo\/ -->\n<title>Time - Prospex<\/title>\n<meta name=\"robots\" content=\"index, follow, max-snippet:-1, max-image-preview:large, max-video-preview:-1\" \/>\n<link rel=\"canonical\" href=\"https:\/\/prospex.com.br\/en\/time\/\" \/>\n<meta property=\"og:locale\" content=\"en_US\" \/>\n<meta property=\"og:type\" content=\"article\" \/>\n<meta property=\"og:title\" content=\"Time - Prospex\" \/>\n<meta property=\"og:description\" content=\"Valorizamos pessoas que unem vis\u00e3o de longo prazo, resili\u00eancia e integridade, e que aplicam o m\u00e1ximo de rigor ao seu trabalho Alexandre Zarzur Investimentos Lorenzo Cocenza Investimentos Fabiana Zarzur Risco &amp; Compliance Luciana Cardoso Rela\u00e7\u00f5es com Investidores Rafael Zarzur Desenvolvimento &amp; Incorpora\u00e7\u00e3o Imobili\u00e1ria Flavio Maluf Origina\u00e7\u00e3o &amp; Comercial vendas Juliana Men Opera\u00e7\u00f5es\" \/>\n<meta property=\"og:url\" content=\"https:\/\/prospex.com.br\/en\/time\/\" \/>\n<meta property=\"og:site_name\" content=\"Prospex\" \/>\n<meta property=\"article:modified_time\" content=\"2025-06-12T16:26:42+00:00\" \/>\n<meta name=\"twitter:card\" content=\"summary_large_image\" \/>\n<meta name=\"twitter:label1\" content=\"Est. reading time\" \/>\n\t<meta name=\"twitter:data1\" content=\"1 minute\" \/>\n<script type=\"application\/ld+json\" class=\"yoast-schema-graph\">{\"@context\":\"https:\/\/schema.org\",\"@graph\":[{\"@type\":\"WebPage\",\"@id\":\"https:\/\/prospex.com.br\/time\/\",\"url\":\"https:\/\/prospex.com.br\/time\/\",\"name\":\"Time - Prospex\",\"isPartOf\":{\"@id\":\"https:\/\/prospex.com.br\/#website\"},\"datePublished\":\"2025-03-13T21:20:24+00:00\",\"dateModified\":\"2025-06-12T16:26:42+00:00\",\"breadcrumb\":{\"@id\":\"https:\/\/prospex.com.br\/time\/#breadcrumb\"},\"inLanguage\":\"en-US\",\"potentialAction\":[{\"@type\":\"ReadAction\",\"target\":[\"https:\/\/prospex.com.br\/time\/\"]}]},{\"@type\":\"BreadcrumbList\",\"@id\":\"https:\/\/prospex.com.br\/time\/#breadcrumb\",\"itemListElement\":[{\"@type\":\"ListItem\",\"position\":1,\"name\":\"In\u00edcio\",\"item\":\"https:\/\/prospex.com.br\/\"},{\"@type\":\"ListItem\",\"position\":2,\"name\":\"Time\"}]},{\"@type\":\"WebSite\",\"@id\":\"https:\/\/prospex.com.br\/#website\",\"url\":\"https:\/\/prospex.com.br\/\",\"name\":\"Prospex\",\"description\":\"Real State Asset Management\",\"publisher\":{\"@id\":\"https:\/\/prospex.com.br\/#organization\"},\"potentialAction\":[{\"@type\":\"SearchAction\",\"target\":{\"@type\":\"EntryPoint\",\"urlTemplate\":\"https:\/\/prospex.com.br\/?s={search_term_string}\"},\"query-input\":{\"@type\":\"PropertyValueSpecification\",\"valueRequired\":true,\"valueName\":\"search_term_string\"}}],\"inLanguage\":\"en-US\"},{\"@type\":\"Organization\",\"@id\":\"https:\/\/prospex.com.br\/#organization\",\"name\":\"Prospex\",\"url\":\"https:\/\/prospex.com.br\/\",\"logo\":{\"@type\":\"ImageObject\",\"inLanguage\":\"en-US\",\"@id\":\"https:\/\/prospex.com.br\/#\/schema\/logo\/image\/\",\"url\":\"https:\/\/prospex.com.br\/wp-content\/uploads\/2025\/02\/FAVICON.svg\",\"contentUrl\":\"https:\/\/prospex.com.br\/wp-content\/uploads\/2025\/02\/FAVICON.svg\",\"width\":512,\"height\":512,\"caption\":\"Prospex\"},\"image\":{\"@id\":\"https:\/\/prospex.com.br\/#\/schema\/logo\/image\/\"}}]}<\/script>\n<!-- \/ Yoast SEO plugin. -->","yoast_head_json":{"title":"Time - Prospex","robots":{"index":"index","follow":"follow","max-snippet":"max-snippet:-1","max-image-preview":"max-image-preview:large","max-video-preview":"max-video-preview:-1"},"canonical":"https:\/\/prospex.com.br\/en\/time\/","og_locale":"en_US","og_type":"article","og_title":"Time - Prospex","og_description":"Valorizamos pessoas que unem vis\u00e3o de longo prazo, resili\u00eancia e integridade, e que aplicam o m\u00e1ximo de rigor ao seu trabalho Alexandre Zarzur Investimentos Lorenzo Cocenza Investimentos Fabiana Zarzur Risco &amp; Compliance Luciana Cardoso Rela\u00e7\u00f5es com Investidores Rafael Zarzur Desenvolvimento &amp; Incorpora\u00e7\u00e3o Imobili\u00e1ria Flavio Maluf Origina\u00e7\u00e3o &amp; Comercial vendas Juliana Men Opera\u00e7\u00f5es","og_url":"https:\/\/prospex.com.br\/en\/time\/","og_site_name":"Prospex","article_modified_time":"2025-06-12T16:26:42+00:00","twitter_card":"summary_large_image","twitter_misc":{"Est. reading time":"1 minute"},"schema":{"@context":"https:\/\/schema.org","@graph":[{"@type":"WebPage","@id":"https:\/\/prospex.com.br\/time\/","url":"https:\/\/prospex.com.br\/time\/","name":"Time - Prospex","isPartOf":{"@id":"https:\/\/prospex.com.br\/#website"},"datePublished":"2025-03-13T21:20:24+00:00","dateModified":"2025-06-12T16:26:42+00:00","breadcrumb":{"@id":"https:\/\/prospex.com.br\/time\/#breadcrumb"},"inLanguage":"en-US","potentialAction":[{"@type":"ReadAction","target":["https:\/\/prospex.com.br\/time\/"]}]},{"@type":"BreadcrumbList","@id":"https:\/\/prospex.com.br\/time\/#breadcrumb","itemListElement":[{"@type":"ListItem","position":1,"name":"In\u00edcio","item":"https:\/\/prospex.com.br\/"},{"@type":"ListItem","position":2,"name":"Time"}]},{"@type":"WebSite","@id":"https:\/\/prospex.com.br\/#website","url":"https:\/\/prospex.com.br\/","name":"Prospex","description":"Real State Asset Management","publisher":{"@id":"https:\/\/prospex.com.br\/#organization"},"potentialAction":[{"@type":"SearchAction","target":{"@type":"EntryPoint","urlTemplate":"https:\/\/prospex.com.br\/?s={search_term_string}"},"query-input":{"@type":"PropertyValueSpecification","valueRequired":true,"valueName":"search_term_string"}}],"inLanguage":"en-US"},{"@type":"Organization","@id":"https:\/\/prospex.com.br\/#organization","name":"Prospex","url":"https:\/\/prospex.com.br\/","logo":{"@type":"ImageObject","inLanguage":"en-US","@id":"https:\/\/prospex.com.br\/#\/schema\/logo\/image\/","url":"https:\/\/prospex.com.br\/wp-content\/uploads\/2025\/02\/FAVICON.svg","contentUrl":"https:\/\/prospex.com.br\/wp-content\/uploads\/2025\/02\/FAVICON.svg","width":512,"height":512,"caption":"Prospex"},"image":{"@id":"https:\/\/prospex.com.br\/#\/schema\/logo\/image\/"}}]}},"_links":{"self":[{"href":"https:\/\/prospex.com.br\/en\/wp-json\/wp\/v2\/pages\/69","targetHints":{"allow":["GET"]}}],"collection":[{"href":"https:\/\/prospex.com.br\/en\/wp-json\/wp\/v2\/pages"}],"about":[{"href":"https:\/\/prospex.com.br\/en\/wp-json\/wp\/v2\/types\/page"}],"author":[{"embeddable":true,"href":"https:\/\/prospex.com.br\/en\/wp-json\/wp\/v2\/users\/2"}],"replies":[{"embeddable":true,"href":"https:\/\/prospex.com.br\/en\/wp-json\/wp\/v2\/comments?post=69"}],"version-history":[{"count":82,"href":"https:\/\/prospex.com.br\/en\/wp-json\/wp\/v2\/pages\/69\/revisions"}],"predecessor-version":[{"id":1963,"href":"https:\/\/prospex.com.br\/en\/wp-json\/wp\/v2\/pages\/69\/revisions\/1963"}],"wp:attachment":[{"href":"https:\/\/prospex.com.br\/en\/wp-json\/wp\/v2\/media?parent=69"}],"curies":[{"name":"wp","href":"https:\/\/api.w.org\/{rel}","templated":true}]}}