{"id":456,"date":"2025-03-25T18:30:50","date_gmt":"2025-03-25T18:30:50","guid":{"rendered":"https:\/\/darkgray-llama-319469.hostingersite.com\/?page_id=456"},"modified":"2025-05-13T14:01:44","modified_gmt":"2025-05-13T14:01:44","slug":"governanca","status":"publish","type":"page","link":"https:\/\/prospex.com.br\/en\/governanca\/","title":{"rendered":"RI"},"content":{"rendered":"<div data-elementor-type=\"wp-page\" data-elementor-id=\"456\" class=\"elementor elementor-456\" data-elementor-post-type=\"page\">\n\t\t\t\t<div class=\"elementor-element elementor-element-d0a4537 e-flex e-con-boxed e-con e-parent\" data-id=\"d0a4537\" data-element_type=\"container\">\n\t\t\t\t\t<div class=\"e-con-inner\">\n\t\t\t\t<div class=\"elementor-element elementor-element-8f7ffb6 elementor-widget__width-initial elementor-widget-tablet__width-inherit elementor-widget elementor-widget-heading\" data-id=\"8f7ffb6\" data-element_type=\"widget\" data-widget_type=\"heading.default\">\n\t\t\t\t<div class=\"elementor-widget-container\">\n\t\t\t\t\t<h2 class=\"elementor-heading-title elementor-size-default\">Investor Relations<\/h2>\t\t\t\t<\/div>\n\t\t\t\t<\/div>\n\t\t\t\t<div class=\"elementor-element elementor-element-3847ea9 elementor-widget-divider--view-line elementor-widget elementor-widget-divider\" data-id=\"3847ea9\" data-element_type=\"widget\" data-widget_type=\"divider.default\">\n\t\t\t\t<div class=\"elementor-widget-container\">\n\t\t\t\t\t\t\t<div class=\"elementor-divider\">\n\t\t\t<span class=\"elementor-divider-separator\">\n\t\t\t\t\t\t<\/span>\n\t\t<\/div>\n\t\t\t\t\t\t<\/div>\n\t\t\t\t<\/div>\n\t\t\t\t\t<\/div>\n\t\t\t\t<\/div>\n\t\t<div class=\"elementor-element elementor-element-07cbdd6 e-flex e-con-boxed e-con e-parent\" data-id=\"07cbdd6\" data-element_type=\"container\">\n\t\t\t\t\t<div class=\"e-con-inner\">\n\t\t<div class=\"elementor-element elementor-element-6f558b3 e-con-full e-flex e-con e-child\" data-id=\"6f558b3\" data-element_type=\"container\">\n\t\t<div class=\"elementor-element elementor-element-acf98c9 e-con-full e-flex e-con e-child\" data-id=\"acf98c9\" data-element_type=\"container\">\n\t\t\t\t<div class=\"elementor-element elementor-element-d7ca418 elementor-widget elementor-widget-text-editor\" data-id=\"d7ca418\" data-element_type=\"widget\" data-widget_type=\"text-editor.default\">\n\t\t\t\t<div class=\"elementor-widget-container\">\n\t\t\t\t\t\t\t\t\t<p>Internal Controls Manual<\/p>\t\t\t\t\t\t\t\t<\/div>\n\t\t\t\t<\/div>\n\t\t\t\t<div class=\"elementor-element elementor-element-62654f0 elementor-widget elementor-widget-button\" data-id=\"62654f0\" data-element_type=\"widget\" data-widget_type=\"button.default\">\n\t\t\t\t<div class=\"elementor-widget-container\">\n\t\t\t\t\t\t\t\t\t<div class=\"elementor-button-wrapper\">\n\t\t\t\t\t<a class=\"elementor-button elementor-button-link elementor-size-sm\" href=\"https:\/\/prospex.com.br\/wp-content\/uploads\/2025\/04\/Manual-de-Controles-Internos-Prospex-Gestao-de-Recursos-Ltda.pdf\" download=\"Manual de Controles Internos\">\n\t\t\t\t\t\t<span class=\"elementor-button-content-wrapper\">\n\t\t\t\t\t\t<span class=\"elementor-button-icon\">\n\t\t\t\t<svg xmlns=\"http:\/\/www.w3.org\/2000\/svg\" width=\"17\" height=\"18\" viewbox=\"0 0 17 18\" fill=\"none\"><path d=\"M9 0V12.25L14.25 7L15 7.66L8.5 14.16L2 7.66L2.75 7L8 12.25V0H9ZM0 15H1V17H16V15H17V18H0V15Z\" fill=\"#004225\"><\/path><\/svg>\t\t\t<\/span>\n\t\t\t\t\t\t\t\t<\/span>\n\t\t\t\t\t<\/a>\n\t\t\t\t<\/div>\n\t\t\t\t\t\t\t\t<\/div>\n\t\t\t\t<\/div>\n\t\t\t\t<\/div>\n\t\t<div class=\"elementor-element elementor-element-9be098b e-con-full e-flex e-con e-child\" data-id=\"9be098b\" data-element_type=\"container\">\n\t\t\t\t<div class=\"elementor-element elementor-element-1799ffd elementor-widget elementor-widget-text-editor\" data-id=\"1799ffd\" data-element_type=\"widget\" data-widget_type=\"text-editor.default\">\n\t\t\t\t<div class=\"elementor-widget-container\">\n\t\t\t\t\t\t\t\t\t<p>Personal Investment Policy<\/p>\t\t\t\t\t\t\t\t<\/div>\n\t\t\t\t<\/div>\n\t\t\t\t<div class=\"elementor-element elementor-element-ff8438e elementor-widget elementor-widget-button\" data-id=\"ff8438e\" data-element_type=\"widget\" data-widget_type=\"button.default\">\n\t\t\t\t<div class=\"elementor-widget-container\">\n\t\t\t\t\t\t\t\t\t<div class=\"elementor-button-wrapper\">\n\t\t\t\t\t<a class=\"elementor-button elementor-button-link elementor-size-sm\" href=\"https:\/\/prospex.com.br\/wp-content\/uploads\/2025\/04\/Prospex-Politica-de-Investimento-Pessoal.pdf\" download=\"Pol\u00edtica de Investimento Pessoal\">\n\t\t\t\t\t\t<span class=\"elementor-button-content-wrapper\">\n\t\t\t\t\t\t<span class=\"elementor-button-icon\">\n\t\t\t\t<svg xmlns=\"http:\/\/www.w3.org\/2000\/svg\" width=\"17\" height=\"18\" viewbox=\"0 0 17 18\" fill=\"none\"><path d=\"M9 0V12.25L14.25 7L15 7.66L8.5 14.16L2 7.66L2.75 7L8 12.25V0H9ZM0 15H1V17H16V15H17V18H0V15Z\" fill=\"#004225\"><\/path><\/svg>\t\t\t<\/span>\n\t\t\t\t\t\t\t\t<\/span>\n\t\t\t\t\t<\/a>\n\t\t\t\t<\/div>\n\t\t\t\t\t\t\t\t<\/div>\n\t\t\t\t<\/div>\n\t\t\t\t<\/div>\n\t\t<div class=\"elementor-element elementor-element-10ecef0 e-con-full e-flex e-con e-child\" data-id=\"10ecef0\" data-element_type=\"container\">\n\t\t\t\t<div class=\"elementor-element elementor-element-9358d85 elementor-widget-mobile__width-initial elementor-widget elementor-widget-text-editor\" data-id=\"9358d85\" data-element_type=\"widget\" data-widget_type=\"text-editor.default\">\n\t\t\t\t<div class=\"elementor-widget-container\">\n\t\t\t\t\t\t\t\t\t<p>Order Allocation and Distribution Policy<\/p>\t\t\t\t\t\t\t\t<\/div>\n\t\t\t\t<\/div>\n\t\t\t\t<div class=\"elementor-element elementor-element-7cd7a1f elementor-widget elementor-widget-button\" data-id=\"7cd7a1f\" data-element_type=\"widget\" data-widget_type=\"button.default\">\n\t\t\t\t<div class=\"elementor-widget-container\">\n\t\t\t\t\t\t\t\t\t<div class=\"elementor-button-wrapper\">\n\t\t\t\t\t<a class=\"elementor-button elementor-button-link elementor-size-sm\" href=\"https:\/\/prospex.com.br\/wp-content\/uploads\/2025\/04\/Prospex-Politica-de-Rateio-e-Divisao-de-Ordens.pdf\" download=\"Pol\u00edtica de Rateio e Divis\u00e3o de Ordens\">\n\t\t\t\t\t\t<span class=\"elementor-button-content-wrapper\">\n\t\t\t\t\t\t<span class=\"elementor-button-icon\">\n\t\t\t\t<svg xmlns=\"http:\/\/www.w3.org\/2000\/svg\" width=\"17\" height=\"18\" viewbox=\"0 0 17 18\" fill=\"none\"><path d=\"M9 0V12.25L14.25 7L15 7.66L8.5 14.16L2 7.66L2.75 7L8 12.25V0H9ZM0 15H1V17H16V15H17V18H0V15Z\" fill=\"#004225\"><\/path><\/svg>\t\t\t<\/span>\n\t\t\t\t\t\t\t\t<\/span>\n\t\t\t\t\t<\/a>\n\t\t\t\t<\/div>\n\t\t\t\t\t\t\t\t<\/div>\n\t\t\t\t<\/div>\n\t\t\t\t<\/div>\n\t\t\t\t<\/div>\n\t\t<div class=\"elementor-element elementor-element-1840635 e-con-full e-flex e-con e-child\" data-id=\"1840635\" data-element_type=\"container\">\n\t\t<div class=\"elementor-element elementor-element-f88b11a e-con-full e-flex e-con e-child\" data-id=\"f88b11a\" data-element_type=\"container\">\n\t\t\t\t<div class=\"elementor-element elementor-element-7f44933 elementor-widget elementor-widget-text-editor\" data-id=\"7f44933\" data-element_type=\"widget\" data-widget_type=\"text-editor.default\">\n\t\t\t\t<div class=\"elementor-widget-container\">\n\t\t\t\t\t\t\t\t\t<p>Reference Form<\/p>\t\t\t\t\t\t\t\t<\/div>\n\t\t\t\t<\/div>\n\t\t\t\t<div class=\"elementor-element elementor-element-acdec85 elementor-widget elementor-widget-button\" data-id=\"acdec85\" data-element_type=\"widget\" data-widget_type=\"button.default\">\n\t\t\t\t<div class=\"elementor-widget-container\">\n\t\t\t\t\t\t\t\t\t<div class=\"elementor-button-wrapper\">\n\t\t\t\t\t<a class=\"elementor-button elementor-button-link elementor-size-sm\" href=\"https:\/\/prospex.com.br\/wp-content\/uploads\/2025\/04\/Prospex-Formulario-de-Referencia-v1.pdf\" download=\"Formul\u00e1rio de Refer\u00eancia\">\n\t\t\t\t\t\t<span class=\"elementor-button-content-wrapper\">\n\t\t\t\t\t\t<span class=\"elementor-button-icon\">\n\t\t\t\t<svg xmlns=\"http:\/\/www.w3.org\/2000\/svg\" width=\"17\" height=\"18\" viewbox=\"0 0 17 18\" fill=\"none\"><path d=\"M9 0V12.25L14.25 7L15 7.66L8.5 14.16L2 7.66L2.75 7L8 12.25V0H9ZM0 15H1V17H16V15H17V18H0V15Z\" fill=\"#004225\"><\/path><\/svg>\t\t\t<\/span>\n\t\t\t\t\t\t\t\t<\/span>\n\t\t\t\t\t<\/a>\n\t\t\t\t<\/div>\n\t\t\t\t\t\t\t\t<\/div>\n\t\t\t\t<\/div>\n\t\t\t\t<\/div>\n\t\t<div class=\"elementor-element elementor-element-a16d50e e-con-full e-flex e-con e-child\" data-id=\"a16d50e\" data-element_type=\"container\">\n\t\t\t\t<div class=\"elementor-element elementor-element-c3640f9 elementor-widget elementor-widget-text-editor\" data-id=\"c3640f9\" data-element_type=\"widget\" data-widget_type=\"text-editor.default\">\n\t\t\t\t<div class=\"elementor-widget-container\">\n\t\t\t\t\t\t\t\t\t<p>Code of Ethics<\/p>\t\t\t\t\t\t\t\t<\/div>\n\t\t\t\t<\/div>\n\t\t\t\t<div class=\"elementor-element elementor-element-e2b94f0 elementor-widget elementor-widget-button\" data-id=\"e2b94f0\" data-element_type=\"widget\" data-widget_type=\"button.default\">\n\t\t\t\t<div class=\"elementor-widget-container\">\n\t\t\t\t\t\t\t\t\t<div class=\"elementor-button-wrapper\">\n\t\t\t\t\t<a class=\"elementor-button elementor-button-link elementor-size-sm\" href=\"https:\/\/prospex.com.br\/wp-content\/uploads\/2025\/04\/Prospex-Gestao-de-Recursos-Ltda.-Codigo-de-Etica.pdf\" download=\"C\u00f3digo de \u00c9tica\">\n\t\t\t\t\t\t<span class=\"elementor-button-content-wrapper\">\n\t\t\t\t\t\t<span class=\"elementor-button-icon\">\n\t\t\t\t<svg xmlns=\"http:\/\/www.w3.org\/2000\/svg\" width=\"17\" height=\"18\" viewbox=\"0 0 17 18\" fill=\"none\"><path d=\"M9 0V12.25L14.25 7L15 7.66L8.5 14.16L2 7.66L2.75 7L8 12.25V0H9ZM0 15H1V17H16V15H17V18H0V15Z\" fill=\"#004225\"><\/path><\/svg>\t\t\t<\/span>\n\t\t\t\t\t\t\t\t<\/span>\n\t\t\t\t\t<\/a>\n\t\t\t\t<\/div>\n\t\t\t\t\t\t\t\t<\/div>\n\t\t\t\t<\/div>\n\t\t\t\t<\/div>\n\t\t<div class=\"elementor-element elementor-element-e4d11b8 e-con-full e-flex e-con e-child\" data-id=\"e4d11b8\" data-element_type=\"container\">\n\t\t\t\t<div class=\"elementor-element elementor-element-f7df7fe elementor-widget elementor-widget-text-editor\" data-id=\"f7df7fe\" data-element_type=\"widget\" data-widget_type=\"text-editor.default\">\n\t\t\t\t<div class=\"elementor-widget-container\">\n\t\t\t\t\t\t\t\t\t<p>Risk Management Policy<\/p>\t\t\t\t\t\t\t\t<\/div>\n\t\t\t\t<\/div>\n\t\t\t\t<div class=\"elementor-element elementor-element-a0f1156 elementor-widget elementor-widget-button\" data-id=\"a0f1156\" data-element_type=\"widget\" data-widget_type=\"button.default\">\n\t\t\t\t<div class=\"elementor-widget-container\">\n\t\t\t\t\t\t\t\t\t<div class=\"elementor-button-wrapper\">\n\t\t\t\t\t<a class=\"elementor-button elementor-button-link elementor-size-sm\" href=\"https:\/\/prospex.com.br\/wp-content\/uploads\/2025\/04\/Politica-de-Gestao-de-Risco-Prospex-Gestao-de-Recursos-Ltda.pdf\" download=\"Pol\u00edtica de Gest\u00e3o de Riscos\">\n\t\t\t\t\t\t<span class=\"elementor-button-content-wrapper\">\n\t\t\t\t\t\t<span class=\"elementor-button-icon\">\n\t\t\t\t<svg xmlns=\"http:\/\/www.w3.org\/2000\/svg\" width=\"17\" height=\"18\" viewbox=\"0 0 17 18\" fill=\"none\"><path d=\"M9 0V12.25L14.25 7L15 7.66L8.5 14.16L2 7.66L2.75 7L8 12.25V0H9ZM0 15H1V17H16V15H17V18H0V15Z\" fill=\"#004225\"><\/path><\/svg>\t\t\t<\/span>\n\t\t\t\t\t\t\t\t<\/span>\n\t\t\t\t\t<\/a>\n\t\t\t\t<\/div>\n\t\t\t\t\t\t\t\t<\/div>\n\t\t\t\t<\/div>\n\t\t\t\t<\/div>\n\t\t\t\t<\/div>\n\t\t\t\t\t<\/div>\n\t\t\t\t<\/div>\n\t\t<div class=\"elementor-element elementor-element-0073b14 e-flex e-con-boxed e-con e-parent\" data-id=\"0073b14\" data-element_type=\"container\">\n\t\t\t\t\t<div class=\"e-con-inner\">\n\t\t\t\t<div class=\"elementor-element elementor-element-fc22f27 elementor-widget elementor-widget-text-editor\" data-id=\"fc22f27\" data-element_type=\"widget\" data-widget_type=\"text-editor.default\">\n\t\t\t\t<div class=\"elementor-widget-container\">\n\t\t\t\t\t\t\t\t\t<p><strong><b>Disclaimer: <\/b><\/strong>The information contained in this document, as well as that presented verbally or by other means, has been prepared by Prospex Capital (\u201cProspex\u201d) solely for informational purposes. The accuracy and completeness of information obtained or derived from third parties have not been verified by Prospex and are subject to updates, additions, revisions, verifications, and changes without prior notice. This presentation contains forward-looking statements that are subject to risks and uncertainties, as they relate to future events. These and various other factors may adversely affect the estimates and assumptions upon which such statements are based, many of which are beyond Prospex\u2019s control. This presentation is purely informational and does not constitute, nor should it be construed as, an offer to sell or a solicitation of an offer to buy or subscribe to any securities, nor shall any part of it serve as a basis or be considered an inducement to enter into any contract or commitment of any kind. No reliance should be placed, for any purpose, on the information or opinions contained herein, nor on their completeness or accuracy.<br \/>Nenhuma declara\u00e7\u00e3o, garantia, compromisso ou qualquer outro tipo de asseguramento, expresso ou impl\u00edcito, \u00e9 feito ou oferecido pela Prospex, ou em nome desta, ou por qualquer um de seus diretores, executivos, s\u00f3cios, funcion\u00e1rios, agentes, assessores ou qualquer outra pessoa, quanto \u00e0 precis\u00e3o ou completude das informa\u00e7\u00f5es ou opini\u00f5es aqui contidas, n\u00e3o sendo aceita qualquer responsabilidade por erros, omiss\u00f5es, declara\u00e7\u00f5es incorretas, neglig\u00eancia ou qualquer outra forma de comunica\u00e7\u00e3o escrita ou n\u00e3o. N\u00e3o obstante o exposto, nada neste par\u00e1grafo exclui responsabilidade por declara\u00e7\u00f5es, garantias ou compromissos feitos de forma fraudulenta ou decorrentes de m\u00e1 conduta intencional.<\/p>\t\t\t\t\t\t\t\t<\/div>\n\t\t\t\t<\/div>\n\t\t\t\t\t<\/div>\n\t\t\t\t<\/div>\n\t\t\t\t<\/div>","protected":false},"excerpt":{"rendered":"<p>Rela\u00e7\u00f5es com Investidores Manual de Controles Internos Pol\u00edtica de Investimento Pessoal Pol\u00edtica de Rateio e Divis\u00e3o de Ordens Formul\u00e1rio de Refer\u00eancia C\u00f3digo de \u00c9tica Pol\u00edtica de Gest\u00e3o de Riscos Disclaimer: As informa\u00e7\u00f5es contidas neste documento, bem como aquelas apresentadas verbalmente ou por outros meios, foram preparadas pela Prospex Capital (\u201cProspex\u201d) exclusivamente para fins informativos. A [&hellip;]<\/p>","protected":false},"author":2,"featured_media":0,"parent":0,"menu_order":0,"comment_status":"closed","ping_status":"closed","template":"elementor_header_footer","meta":{"footnotes":""},"class_list":["post-456","page","type-page","status-publish","hentry"],"yoast_head":"<!-- This site is optimized with the Yoast SEO plugin v25.3.1 - https:\/\/yoast.com\/wordpress\/plugins\/seo\/ -->\n<title>RI - Prospex<\/title>\n<meta name=\"robots\" content=\"index, follow, max-snippet:-1, max-image-preview:large, max-video-preview:-1\" \/>\n<link rel=\"canonical\" href=\"https:\/\/prospex.com.br\/en\/governanca\/\" \/>\n<meta property=\"og:locale\" content=\"en_US\" \/>\n<meta property=\"og:type\" content=\"article\" \/>\n<meta property=\"og:title\" content=\"RI - Prospex\" \/>\n<meta property=\"og:description\" content=\"Rela\u00e7\u00f5es com Investidores Manual de Controles Internos Pol\u00edtica de Investimento Pessoal Pol\u00edtica de Rateio e Divis\u00e3o de Ordens Formul\u00e1rio de Refer\u00eancia C\u00f3digo de \u00c9tica Pol\u00edtica de Gest\u00e3o de Riscos Disclaimer: As informa\u00e7\u00f5es contidas neste documento, bem como aquelas apresentadas verbalmente ou por outros meios, foram preparadas pela Prospex Capital (\u201cProspex\u201d) exclusivamente para fins informativos. A [&hellip;]\" \/>\n<meta property=\"og:url\" content=\"https:\/\/prospex.com.br\/en\/governanca\/\" \/>\n<meta property=\"og:site_name\" content=\"Prospex\" \/>\n<meta property=\"article:modified_time\" content=\"2025-05-13T14:01:44+00:00\" \/>\n<meta name=\"twitter:card\" content=\"summary_large_image\" \/>\n<meta name=\"twitter:label1\" content=\"Est. reading time\" \/>\n\t<meta name=\"twitter:data1\" content=\"2 minutes\" \/>\n<script type=\"application\/ld+json\" class=\"yoast-schema-graph\">{\"@context\":\"https:\/\/schema.org\",\"@graph\":[{\"@type\":\"WebPage\",\"@id\":\"https:\/\/prospex.com.br\/governanca\/\",\"url\":\"https:\/\/prospex.com.br\/governanca\/\",\"name\":\"RI - Prospex\",\"isPartOf\":{\"@id\":\"https:\/\/prospex.com.br\/#website\"},\"datePublished\":\"2025-03-25T18:30:50+00:00\",\"dateModified\":\"2025-05-13T14:01:44+00:00\",\"breadcrumb\":{\"@id\":\"https:\/\/prospex.com.br\/governanca\/#breadcrumb\"},\"inLanguage\":\"en-US\",\"potentialAction\":[{\"@type\":\"ReadAction\",\"target\":[\"https:\/\/prospex.com.br\/governanca\/\"]}]},{\"@type\":\"BreadcrumbList\",\"@id\":\"https:\/\/prospex.com.br\/governanca\/#breadcrumb\",\"itemListElement\":[{\"@type\":\"ListItem\",\"position\":1,\"name\":\"In\u00edcio\",\"item\":\"https:\/\/prospex.com.br\/\"},{\"@type\":\"ListItem\",\"position\":2,\"name\":\"RI\"}]},{\"@type\":\"WebSite\",\"@id\":\"https:\/\/prospex.com.br\/#website\",\"url\":\"https:\/\/prospex.com.br\/\",\"name\":\"Prospex\",\"description\":\"Real State Asset Management\",\"publisher\":{\"@id\":\"https:\/\/prospex.com.br\/#organization\"},\"potentialAction\":[{\"@type\":\"SearchAction\",\"target\":{\"@type\":\"EntryPoint\",\"urlTemplate\":\"https:\/\/prospex.com.br\/?s={search_term_string}\"},\"query-input\":{\"@type\":\"PropertyValueSpecification\",\"valueRequired\":true,\"valueName\":\"search_term_string\"}}],\"inLanguage\":\"en-US\"},{\"@type\":\"Organization\",\"@id\":\"https:\/\/prospex.com.br\/#organization\",\"name\":\"Prospex\",\"url\":\"https:\/\/prospex.com.br\/\",\"logo\":{\"@type\":\"ImageObject\",\"inLanguage\":\"en-US\",\"@id\":\"https:\/\/prospex.com.br\/#\/schema\/logo\/image\/\",\"url\":\"https:\/\/prospex.com.br\/wp-content\/uploads\/2025\/02\/FAVICON.svg\",\"contentUrl\":\"https:\/\/prospex.com.br\/wp-content\/uploads\/2025\/02\/FAVICON.svg\",\"width\":512,\"height\":512,\"caption\":\"Prospex\"},\"image\":{\"@id\":\"https:\/\/prospex.com.br\/#\/schema\/logo\/image\/\"}}]}<\/script>\n<!-- \/ Yoast SEO plugin. -->","yoast_head_json":{"title":"RI - Prospex","robots":{"index":"index","follow":"follow","max-snippet":"max-snippet:-1","max-image-preview":"max-image-preview:large","max-video-preview":"max-video-preview:-1"},"canonical":"https:\/\/prospex.com.br\/en\/governanca\/","og_locale":"en_US","og_type":"article","og_title":"RI - Prospex","og_description":"Rela\u00e7\u00f5es com Investidores Manual de Controles Internos Pol\u00edtica de Investimento Pessoal Pol\u00edtica de Rateio e Divis\u00e3o de Ordens Formul\u00e1rio de Refer\u00eancia C\u00f3digo de \u00c9tica Pol\u00edtica de Gest\u00e3o de Riscos Disclaimer: As informa\u00e7\u00f5es contidas neste documento, bem como aquelas apresentadas verbalmente ou por outros meios, foram preparadas pela Prospex Capital (\u201cProspex\u201d) exclusivamente para fins informativos. A [&hellip;]","og_url":"https:\/\/prospex.com.br\/en\/governanca\/","og_site_name":"Prospex","article_modified_time":"2025-05-13T14:01:44+00:00","twitter_card":"summary_large_image","twitter_misc":{"Est. reading time":"2 minutes"},"schema":{"@context":"https:\/\/schema.org","@graph":[{"@type":"WebPage","@id":"https:\/\/prospex.com.br\/governanca\/","url":"https:\/\/prospex.com.br\/governanca\/","name":"RI - Prospex","isPartOf":{"@id":"https:\/\/prospex.com.br\/#website"},"datePublished":"2025-03-25T18:30:50+00:00","dateModified":"2025-05-13T14:01:44+00:00","breadcrumb":{"@id":"https:\/\/prospex.com.br\/governanca\/#breadcrumb"},"inLanguage":"en-US","potentialAction":[{"@type":"ReadAction","target":["https:\/\/prospex.com.br\/governanca\/"]}]},{"@type":"BreadcrumbList","@id":"https:\/\/prospex.com.br\/governanca\/#breadcrumb","itemListElement":[{"@type":"ListItem","position":1,"name":"In\u00edcio","item":"https:\/\/prospex.com.br\/"},{"@type":"ListItem","position":2,"name":"RI"}]},{"@type":"WebSite","@id":"https:\/\/prospex.com.br\/#website","url":"https:\/\/prospex.com.br\/","name":"Prospex","description":"Real State Asset Management","publisher":{"@id":"https:\/\/prospex.com.br\/#organization"},"potentialAction":[{"@type":"SearchAction","target":{"@type":"EntryPoint","urlTemplate":"https:\/\/prospex.com.br\/?s={search_term_string}"},"query-input":{"@type":"PropertyValueSpecification","valueRequired":true,"valueName":"search_term_string"}}],"inLanguage":"en-US"},{"@type":"Organization","@id":"https:\/\/prospex.com.br\/#organization","name":"Prospex","url":"https:\/\/prospex.com.br\/","logo":{"@type":"ImageObject","inLanguage":"en-US","@id":"https:\/\/prospex.com.br\/#\/schema\/logo\/image\/","url":"https:\/\/prospex.com.br\/wp-content\/uploads\/2025\/02\/FAVICON.svg","contentUrl":"https:\/\/prospex.com.br\/wp-content\/uploads\/2025\/02\/FAVICON.svg","width":512,"height":512,"caption":"Prospex"},"image":{"@id":"https:\/\/prospex.com.br\/#\/schema\/logo\/image\/"}}]}},"_links":{"self":[{"href":"https:\/\/prospex.com.br\/en\/wp-json\/wp\/v2\/pages\/456","targetHints":{"allow":["GET"]}}],"collection":[{"href":"https:\/\/prospex.com.br\/en\/wp-json\/wp\/v2\/pages"}],"about":[{"href":"https:\/\/prospex.com.br\/en\/wp-json\/wp\/v2\/types\/page"}],"author":[{"embeddable":true,"href":"https:\/\/prospex.com.br\/en\/wp-json\/wp\/v2\/users\/2"}],"replies":[{"embeddable":true,"href":"https:\/\/prospex.com.br\/en\/wp-json\/wp\/v2\/comments?post=456"}],"version-history":[{"count":86,"href":"https:\/\/prospex.com.br\/en\/wp-json\/wp\/v2\/pages\/456\/revisions"}],"predecessor-version":[{"id":1882,"href":"https:\/\/prospex.com.br\/en\/wp-json\/wp\/v2\/pages\/456\/revisions\/1882"}],"wp:attachment":[{"href":"https:\/\/prospex.com.br\/en\/wp-json\/wp\/v2\/media?parent=456"}],"curies":[{"name":"wp","href":"https:\/\/api.w.org\/{rel}","templated":true}]}}